{"id":241,"date":"2021-09-02T16:04:18","date_gmt":"2021-09-02T19:04:18","guid":{"rendered":"https:\/\/escenasur.cl\/?page_id=241"},"modified":"2021-09-28T02:13:36","modified_gmt":"2021-09-28T05:13:36","slug":"hazte-socio","status":"publish","type":"page","link":"https:\/\/escenasur.cl\/index.php\/hazte-socio\/","title":{"rendered":"hazte socio"},"content":{"rendered":"<p>[et_pb_section fb_built=&#8221;1&#8243; fullwidth=&#8221;on&#8221; _builder_version=&#8221;4.9.4&#8243; _module_preset=&#8221;default&#8221;][et_pb_nextend_smart_slider_3_fullwidth slider=&#8221;4&#8243; _builder_version=&#8221;4.9.4&#8243; _module_preset=&#8221;default&#8221;][\/et_pb_nextend_smart_slider_3_fullwidth][\/et_pb_section][et_pb_section fb_built=&#8221;1&#8243; admin_label=&#8221;Mission&#8221; _builder_version=&#8221;4.9.4&#8243; background_enable_image=&#8221;off&#8221; background_size=&#8221;initial&#8221; background_position=&#8221;bottom_center&#8221; custom_padding=&#8221;0px||0vw|||&#8221;][et_pb_row _builder_version=&#8221;4.9.4&#8243; width=&#8221;100%&#8221; max_width=&#8221;100%&#8221; custom_padding=&#8221;0px|||||&#8221;][et_pb_column type=&#8221;4_4&#8243; _builder_version=&#8221;4.9.4&#8243; custom_padding=&#8221;|||&#8221; custom_padding__hover=&#8221;|||&#8221;][et_pb_image src=&#8221;http:\/\/escenasur.cl\/wp-content\/uploads\/2021\/05\/food-bank_47.png&#8221; align=&#8221;right&#8221; _builder_version=&#8221;4.9.4&#8243; max_height=&#8221;320px&#8221; always_center_on_mobile=&#8221;off&#8221;][\/et_pb_image][\/et_pb_column][\/et_pb_row][et_pb_row use_custom_gutter=&#8221;on&#8221; make_equal=&#8221;on&#8221; module_id=&#8221;somos&#8221; _builder_version=&#8221;4.9.4&#8243; custom_margin=&#8221;-21px|auto||auto||&#8221; custom_padding=&#8221;0px|||||&#8221; locked=&#8221;off&#8221;][et_pb_column type=&#8221;4_4&#8243; _builder_version=&#8221;4.9.4&#8243; custom_padding=&#8221;|||&#8221; custom_padding__hover=&#8221;|||&#8221;][et_pb_divider color=&#8221;#4db89c&#8221; divider_weight=&#8221;20px&#8221; _builder_version=&#8221;4.9.4&#8243; z_index=&#8221;-10&#8243; max_width=&#8221;360px&#8221; height=&#8221;40px&#8221; custom_margin=&#8221;||-24px|-40px|false|false&#8221; hover_enabled=&#8221;0&#8243; sticky_enabled=&#8221;0&#8243;][\/et_pb_divider][et_pb_text _builder_version=&#8221;4.9.4&#8243; text_font=&#8221;||||||||&#8221; text_font_size=&#8221;17px&#8221; text_line_height=&#8221;1.3em&#8221; header_font=&#8221;||||||||&#8221; header_2_font=&#8221;Lora|700|||||||&#8221; header_2_font_size=&#8221;60px&#8221; header_2_line_height=&#8221;1.2em&#8221; module_alignment=&#8221;left&#8221; custom_margin=&#8221;-3px|||||&#8221; text_font_size_tablet=&#8221;&#8221; text_font_size_phone=&#8221;16px&#8221; text_font_size_last_edited=&#8221;on|desktop&#8221; header_2_font_size_tablet=&#8221;48px&#8221; header_2_font_size_phone=&#8221;32px&#8221; header_2_font_size_last_edited=&#8221;on|tablet&#8221;]<\/p>\n<h2>Hazte Socio<\/h2>\n<p style=\"text-align: justify;\">Somos Fundaci\u00f3n Cultural Escena Sur y como bien lo dice el nombre, estamos asentados en el sur, pero al sur del mundo, en una estrecha y larga faja de tierra llamada Chile. Dentro de este territorio, Escena Sur nace a\u00fan m\u00e1s al sur, en la Isla Grande de Chilo\u00e9 y la cuna que acogi\u00f3 este proyecto se encuentra en Quell\u00f3n, zona extrema de este archipi\u00e9lago ubicada a 1.233 km de Santiago. Definitivamente el sur, nos llama. Desde este rinc\u00f3n del mundo queremos aportar con nuestras herramientas ligadas al arte y a la educaci\u00f3n, las cuales tienen un alcance que va incluso, a la salud mental. El bien-estar de una sociedad es fundamental para la construcci\u00f3n de comunidades m\u00e1s felices, creativas, solidarias y, como equipo Escena Sur, es el norte de nuestro trabajo.<\/p>\n<p>[\/et_pb_text][\/et_pb_column][\/et_pb_row][\/et_pb_section][et_pb_section fb_built=&#8221;1&#8243; admin_label=&#8221;Events&#8221; _builder_version=&#8221;4.9.4&#8243; background_enable_image=&#8221;off&#8221; background_size=&#8221;initial&#8221; background_position=&#8221;bottom_center&#8221; custom_padding=&#8221;||0px|||&#8221;][et_pb_row column_structure=&#8221;1_3,1_3,1_3&#8243; _builder_version=&#8221;4.9.4&#8243;][et_pb_column type=&#8221;1_3&#8243; _builder_version=&#8221;4.9.4&#8243; custom_padding=&#8221;|||&#8221; custom_padding__hover=&#8221;|||&#8221;][et_pb_image src=&#8221;http:\/\/escenasur.cl\/wp-content\/uploads\/2021\/05\/food-bank_59.png&#8221; title_text=&#8221;foto3&#8243; force_fullwidth=&#8221;on&#8221; align_tablet=&#8221;center&#8221; align_phone=&#8221;&#8221; align_last_edited=&#8221;on|desktop&#8221; _builder_version=&#8221;4.9.4&#8243; background_image=&#8221;http:\/\/escenasur.cl\/wp-content\/uploads\/2021\/07\/foto3.jpg&#8221; hover_enabled=&#8221;0&#8243; sticky_enabled=&#8221;0&#8243;][\/et_pb_image][\/et_pb_column][et_pb_column type=&#8221;1_3&#8243; _builder_version=&#8221;3.25&#8243; custom_padding=&#8221;|||&#8221; custom_padding__hover=&#8221;|||&#8221;][et_pb_image src=&#8221;http:\/\/escenasur.cl\/wp-content\/uploads\/2021\/05\/food-bank_60.png&#8221; title_text=&#8221;Afiche FESTTIN 2018&#8243; overlay_icon_color=&#8221;#7CDA24&#8243; hover_overlay_color=&#8221;RGBA(0,0,0,0)&#8221; hover_icon=&#8221;%%363%%&#8221; force_fullwidth=&#8221;on&#8221; align_tablet=&#8221;center&#8221; align_phone=&#8221;&#8221; align_last_edited=&#8221;on|desktop&#8221; _builder_version=&#8221;4.9.4&#8243; background_image=&#8221;http:\/\/escenasur.cl\/wp-content\/uploads\/2021\/09\/Afiche-FESTTIN-2018-scaled.jpeg&#8221; hover_enabled=&#8221;0&#8243; sticky_enabled=&#8221;0&#8243;][\/et_pb_image][\/et_pb_column][et_pb_column type=&#8221;1_3&#8243; _builder_version=&#8221;3.25&#8243; custom_padding=&#8221;|||&#8221; custom_padding__hover=&#8221;|||&#8221;][et_pb_image src=&#8221;http:\/\/escenasur.cl\/wp-content\/uploads\/2021\/05\/food-bank_61.png&#8221; title_text=&#8221;Afiche FESTTIN 2019&#8243; force_fullwidth=&#8221;on&#8221; align_tablet=&#8221;center&#8221; align_phone=&#8221;&#8221; align_last_edited=&#8221;on|desktop&#8221; _builder_version=&#8221;4.9.4&#8243; background_image=&#8221;http:\/\/escenasur.cl\/wp-content\/uploads\/2021\/09\/Afiche-FESTTIN-2019.png&#8221; hover_enabled=&#8221;0&#8243; sticky_enabled=&#8221;0&#8243;][\/et_pb_image][\/et_pb_column][\/et_pb_row][\/et_pb_section][et_pb_section fb_built=&#8221;1&#8243; fullwidth=&#8221;on&#8221; _builder_version=&#8221;3.22.5&#8243;][et_pb_fullwidth_image src=&#8221;http:\/\/escenasur.cl\/wp-content\/uploads\/2021\/05\/food-bank_56.png&#8221; _builder_version=&#8221;3.22.5&#8243;][\/et_pb_fullwidth_image][\/et_pb_section]<\/p>\n","protected":false},"excerpt":{"rendered":"<p>[et_pb_section fb_built=&#8221;1&#8243; fullwidth=&#8221;on&#8221; _builder_version=&#8221;4.9.4&#8243; _module_preset=&#8221;default&#8221;][et_pb_nextend_smart_slider_3_fullwidth slider=&#8221;4&#8243; _builder_version=&#8221;4.9.4&#8243; _module_preset=&#8221;default&#8221;][\/et_pb_nextend_smart_slider_3_fullwidth][\/et_pb_section][et_pb_section fb_built=&#8221;1&#8243; admin_label=&#8221;Mission&#8221; _builder_version=&#8221;4.9.4&#8243; background_enable_image=&#8221;off&#8221; background_size=&#8221;initial&#8221; background_position=&#8221;bottom_center&#8221; custom_padding=&#8221;0px||0vw|||&#8221;][et_pb_row _builder_version=&#8221;4.9.4&#8243; width=&#8221;100%&#8221; max_width=&#8221;100%&#8221; custom_padding=&#8221;0px|||||&#8221;][et_pb_column type=&#8221;4_4&#8243; _builder_version=&#8221;4.9.4&#8243; custom_padding=&#8221;|||&#8221; custom_padding__hover=&#8221;|||&#8221;][et_pb_image src=&#8221;http:\/\/escenasur.cl\/wp-content\/uploads\/2021\/05\/food-bank_47.png&#8221; align=&#8221;right&#8221; _builder_version=&#8221;4.9.4&#8243; max_height=&#8221;320px&#8221; always_center_on_mobile=&#8221;off&#8221;][\/et_pb_image][\/et_pb_column][\/et_pb_row][et_pb_row use_custom_gutter=&#8221;on&#8221; make_equal=&#8221;on&#8221; module_id=&#8221;somos&#8221; _builder_version=&#8221;4.9.4&#8243; custom_margin=&#8221;-21px|auto||auto||&#8221; custom_padding=&#8221;0px|||||&#8221; locked=&#8221;off&#8221;][et_pb_column type=&#8221;4_4&#8243; _builder_version=&#8221;4.9.4&#8243; custom_padding=&#8221;|||&#8221; custom_padding__hover=&#8221;|||&#8221;][et_pb_divider color=&#8221;#4db89c&#8221; divider_weight=&#8221;20px&#8221; _builder_version=&#8221;4.9.4&#8243; z_index=&#8221;-10&#8243; max_width=&#8221;360px&#8221; height=&#8221;40px&#8221; custom_margin=&#8221;||-24px|-40px|false|false&#8221; hover_enabled=&#8221;0&#8243; sticky_enabled=&#8221;0&#8243;][\/et_pb_divider][et_pb_text _builder_version=&#8221;4.9.4&#8243; text_font=&#8221;||||||||&#8221; text_font_size=&#8221;17px&#8221; text_line_height=&#8221;1.3em&#8221; header_font=&#8221;||||||||&#8221; header_2_font=&#8221;Lora|700|||||||&#8221; header_2_font_size=&#8221;60px&#8221; [&hellip;]<\/p>\n","protected":false},"author":1,"featured_media":0,"parent":0,"menu_order":0,"comment_status":"closed","ping_status":"closed","template":"","meta":{"_et_pb_use_builder":"on","_et_pb_old_content":"","_et_gb_content_width":"","spay_email":"","footnotes":""},"class_list":["post-241","page","type-page","status-publish","hentry"],"_links":{"self":[{"href":"https:\/\/escenasur.cl\/index.php\/wp-json\/wp\/v2\/pages\/241","targetHints":{"allow":["GET"]}}],"collection":[{"href":"https:\/\/escenasur.cl\/index.php\/wp-json\/wp\/v2\/pages"}],"about":[{"href":"https:\/\/escenasur.cl\/index.php\/wp-json\/wp\/v2\/types\/page"}],"author":[{"embeddable":true,"href":"https:\/\/escenasur.cl\/index.php\/wp-json\/wp\/v2\/users\/1"}],"replies":[{"embeddable":true,"href":"https:\/\/escenasur.cl\/index.php\/wp-json\/wp\/v2\/comments?post=241"}],"version-history":[{"count":6,"href":"https:\/\/escenasur.cl\/index.php\/wp-json\/wp\/v2\/pages\/241\/revisions"}],"predecessor-version":[{"id":618,"href":"https:\/\/escenasur.cl\/index.php\/wp-json\/wp\/v2\/pages\/241\/revisions\/618"}],"wp:attachment":[{"href":"https:\/\/escenasur.cl\/index.php\/wp-json\/wp\/v2\/media?parent=241"}],"curies":[{"name":"wp","href":"https:\/\/api.w.org\/{rel}","templated":true}]}}